{"id":442,"date":"2025-01-13T14:54:34","date_gmt":"2025-01-13T13:54:34","guid":{"rendered":"https:\/\/proaudio.altairaudio.com\/?page_id=442"},"modified":"2025-01-13T17:52:39","modified_gmt":"2025-01-13T16:52:39","slug":"racks-de-prensa","status":"publish","type":"page","link":"https:\/\/proaudio.altairaudio.com\/?page_id=442","title":{"rendered":"RACKS DE PRENSA"},"content":{"rendered":"<p><img loading=\"lazy\" decoding=\"async\" class=\"size-full wp-image-302 aligncenter\" src=\"http:\/\/proaudio.altairaudio.com\/wp-content\/media\/2024\/11\/RP-240-1.png\" alt=\"\" width=\"2007\" height=\"982\" \/><\/p>\r\n\r\n<h3 class=\"wp-block-heading\"><strong>-&gt; RP-240 <\/strong><\/h3>\r\n\r\n\r\n\r\n<p>Gracias a su gran durabilidad y destacadas prestaciones, esta caja de prensa todo en uno se ha convertido en una herramienta muy valorada por los profesionales que cubren eventos en todo el mundo. ALTAIR RP-240 se dise\u00f1\u00f3 no s\u00f3lo para satisfacer la enorme demanda de se\u00f1ales de audio distribuidas en eventos de prensa y multimedia, sino tambi\u00e9n para garantizar la m\u00e1xima calidad de audio de estas se\u00f1ales. <img loading=\"lazy\" decoding=\"async\" class=\"alignnone  wp-image-304\" src=\"http:\/\/proaudio.altairaudio.com\/wp-content\/media\/2024\/11\/RP-240up.png\" alt=\"\" width=\"708\" height=\"321\" \/><\/p>\r\n\r\n\r\n\r\n<p><strong>El rack de prensa \u201cRP-240\u201d consta de:<\/strong><\/p>\r\n\r\n\r\n\r\n<p>1 x <em>DA-410<\/em> Unidad de distribuci\u00f3n, 1 x patch pasivo <em>DA-240<\/em>, 1 x <em>MC-240<\/em> cableado multin\u00facleo (conecta <em>DA-410<\/em> a <em>DA-240<\/em>) y 1 x <em>FC-240<\/em> flight-case a medida.<\/p>\r\n<p><em>*NOTA: Este sistema tambi\u00e9n puede pedirse para ser instalado permanentemente en un rack (ver \u00abPP-240\u00bb). En este caso, por supuesto, no es necesario un flight-case y el cableado interno ser\u00e1 adaptado por nuestro personal a la longitud adecuada.<\/em><\/p>\r\n<p>El patch superior permite conexiones XLR directas de entrada y salida. Cada par de entradas est\u00e9reo puede dividirse en 2 entradas mono independientes. Las 40 salidas XLR incorporan atenuadores de rango completo para convertir las se\u00f1ales de nivel de l\u00ednea en se\u00f1ales de nivel de micro. Estas salidas est\u00e1n agrupadas en 10 bloques de 4 salidas (10 columnas, vistas al mirar el patch). Cada uno de estos bloques incorpora un conmutador individual de selecci\u00f3n de entrada A\/B, activaci\u00f3n individual de monitorizaci\u00f3n de altavoces y ajuste de nivel (todos estos par\u00e1metros se ajustan mediante los controles situados en el panel frontal).<\/p>\r\n<p>Todas las entradas y salidas est\u00e1n balanceadas electr\u00f3nicamente y pueden equiparse opcionalmente con transformadores de entrada y\/o salida. Se incluyen dos patches multiconector \u00absurvival\u00bb totalmente aislados para permitir una mayor compatibilidad.<\/p>\r\n<h4 class=\"wp-block-heading\">RP-240 \/ CARACTER\u00cdSTICAS ESENCIALES<\/h4>\r\n\r\n\r\n\r\n<ul class=\"wp-block-list\">\r\n<li>40 SALIDAS balanceadas.<\/li>\r\n<li>Sistema totalmente portable.<\/li>\r\n<li>Altavoces para monitorado de entradas y salidas.<\/li>\r\n<li>Conector a headset.<\/li>\r\n<li>Atenuador de 3 POSICIONES por cada salida.<\/li>\r\n<li>Protecci\u00f3n INDIVIDUAL contra cortocircuitos en cualquier salida.<\/li>\r\n<li>TRANSFORMADOR de salida opcional.<\/li>\r\n<li>COMBO\u2122 &amp; XLR de enlace en las entradas.<\/li>\r\n<li>\u00abSurvival\u00bb audio Patch: XLR macho, XLR hembra, Jack \u00bc, RCA y minijack para facilitar las interconexiones.<\/li>\r\n<\/ul>\r\n\r\n\r\n\r\n<ul class=\"wp-block-list\"><\/ul>\r\n<!-- \/wp:list -->\r\n\r\n<!-- wp:heading {\"level\":4} -->\r\n<figure id=\"attachment_388\" aria-describedby=\"caption-attachment-388\" style=\"width: 343px\" class=\"wp-caption alignnone\"><img loading=\"lazy\" decoding=\"async\" class=\" wp-image-388\" src=\"http:\/\/proaudio.altairaudio.com\/wp-content\/media\/2025\/01\/RP-240-comparec-C-Ronald.jpg\" alt=\"RP-240 press conf\" width=\"343\" height=\"257\" \/><figcaption id=\"caption-attachment-388\" class=\"wp-caption-text\">2 x <em>RP-240<\/em> en comparecencia ofrecida por una estrella deportiva<\/figcaption><\/figure>\r\n<!-- \/wp:heading -->\r\n\r\n<!-- wp:separator --><hr class=\"wp-block-separator has-alpha-channel-opacity\" \/><!-- \/wp:separator -->\r\n\r\n<!-- wp:heading -->\r\n<h2 class=\"wp-block-heading\"><strong>-&gt; RP-220 PRESS-BOX<\/strong><img decoding=\"async\" class=\"wp-image-94\" src=\"https:\/\/altairproaudio.wordpress.com\/wp-content\/uploads\/2024\/10\/rp-220-serg-fran-edit-con.jpg?w=1024\" alt=\"\" \/><\/h2>\r\n<!-- \/wp:heading -->\r\n\r\n<!-- wp:image {\"id\":94,\"width\":\"406px\",\"height\":\"auto\"} --><!-- \/wp:image -->\r\n\r\n<!-- wp:paragraph -->\r\n<p>El <strong><em>RP-220<\/em> <\/strong>est\u00e1 dise\u00f1ado para aplicaciones port\u00e1tiles en las que se requieren hasta 20 salidas de audio con conector XLR. El RP-220 consta de un pr\u00e1ctico flight-case de 4 unidades de rack (apertura frontal y trasera) en el que se encuentran la unidad activa DA-410 y un panel de conexiones pasivo con todas las conexiones necesarias para la unidad activa. El dispositivo est\u00e1 listo para la vida en la carretera y es extremadamente f\u00e1cil de usar.<br \/><img loading=\"lazy\" decoding=\"async\" class=\"wp-image-391 aligncenter\" src=\"http:\/\/proaudio.altairaudio.com\/wp-content\/media\/2025\/01\/RP-220-otra-con-sombra.png\" alt=\"\" width=\"419\" height=\"267\" \/><\/p>\r\n<p>Todos los conectores tanto del <em>DA-410<\/em> como del panel de conexiones son XLR Neutrik, y el sistema dispone de 4 entradas mono y 20 salidas mono con control de volumen agrupadas por pares de salida.<\/p>\r\n<p>La unidad activa DA-410 tambi\u00e9n incluye altavoces y conector de auriculares para monitorizar las se\u00f1ales de entrada y salida de la unidad activa.<\/p>\r\n<p>La unidad activa DA-410 tambi\u00e9n permite la instalaci\u00f3n opcional (se venden por separado) de transformadores de entrada y\/o salida en los puntos de conexi\u00f3n necesarios.<\/p>\r\n<h4 class=\"wp-block-heading\">RP-220 \/ CARACTER\u00cdSTICAS ESENCIALES<\/h4>\r\n<!-- \/wp:heading -->\r\n\r\n<!-- wp:list -->\r\n<ul class=\"wp-block-list\"><!-- wp:list-item -->\r\n<li>Capaz de procesar 2 se\u00f1ales de entrada est\u00e9reo para obtener hasta 10 se\u00f1ales de salida est\u00e9reo (20 MONO)<\/li>\r\n<li>Utilizado como mezclador de zonas, puede controlar hasta 10 zonas en est\u00e9reo o 20 en mono.<\/li>\r\n<li>Dimensiones exteriores del flight-case: 535x 225x 50,5cm (An x Al x Pr)<\/li>\r\n<li>Apertura trasera y trasera.<\/li>\r\n<li>Sistema totalmente portable.<\/li>\r\n<li>Peso NETO estimado del paquete: 12,8 Kg.<\/li>\r\n<li>Fabricado en Espa\u00f1a.<\/li>\r\n<!-- \/wp:list-item --><\/ul>\r\n<!-- \/wp:list -->\r\n\r\n<!-- wp:image {\"id\":95,\"width\":\"302px\",\"height\":\"auto\"} -->\r\n<figure class=\"wp-block-image is-resized\"><img decoding=\"async\" class=\"wp-image-95\" src=\"https:\/\/altairproaudio.wordpress.com\/wp-content\/uploads\/2024\/10\/rp-220-b-lowq.jpg?w=1024\" alt=\"\" \/><\/figure>\r\n<!-- \/wp:image -->\r\n\r\n<!-- wp:separator --><hr class=\"wp-block-separator has-alpha-channel-opacity\" \/><!-- \/wp:separator -->\r\n\r\n<!-- wp:heading {\"level\":4} -->\r\n<p><strong>RP-240 Y RP-220: OPCIONES<\/strong><\/p>\r\n<p><em>TDA-O<\/em>:\u00a0 Transformador de salida. Cada transformador sirve para dos salidas. <\/p>\r\n<p><em>TDA-I<\/em>:\u00a0 Transformador de entrada. Cada transformador sirve para una entrada.<\/p>","protected":false},"excerpt":{"rendered":"<p>-&gt; RP-240 Gracias a su gran durabilidad y destacadas prestaciones, esta caja de prensa todo en uno se ha convertido en una herramienta muy valorada por los profesionales que cubren eventos en todo el mundo. ALTAIR RP-240 se dise\u00f1\u00f3 no s\u00f3lo para satisfacer la enorme demanda de se\u00f1ales de audio distribuidas en eventos de prensa [&hellip;]<\/p>\n","protected":false},"author":1,"featured_media":0,"parent":438,"menu_order":0,"comment_status":"closed","ping_status":"closed","template":"","meta":{"footnotes":""},"class_list":["post-442","page","type-page","status-publish","hentry"],"_links":{"self":[{"href":"https:\/\/proaudio.altairaudio.com\/index.php?rest_route=\/wp\/v2\/pages\/442","targetHints":{"allow":["GET"]}}],"collection":[{"href":"https:\/\/proaudio.altairaudio.com\/index.php?rest_route=\/wp\/v2\/pages"}],"about":[{"href":"https:\/\/proaudio.altairaudio.com\/index.php?rest_route=\/wp\/v2\/types\/page"}],"author":[{"embeddable":true,"href":"https:\/\/proaudio.altairaudio.com\/index.php?rest_route=\/wp\/v2\/users\/1"}],"replies":[{"embeddable":true,"href":"https:\/\/proaudio.altairaudio.com\/index.php?rest_route=%2Fwp%2Fv2%2Fcomments&post=442"}],"version-history":[{"count":13,"href":"https:\/\/proaudio.altairaudio.com\/index.php?rest_route=\/wp\/v2\/pages\/442\/revisions"}],"predecessor-version":[{"id":596,"href":"https:\/\/proaudio.altairaudio.com\/index.php?rest_route=\/wp\/v2\/pages\/442\/revisions\/596"}],"up":[{"embeddable":true,"href":"https:\/\/proaudio.altairaudio.com\/index.php?rest_route=\/wp\/v2\/pages\/438"}],"wp:attachment":[{"href":"https:\/\/proaudio.altairaudio.com\/index.php?rest_route=%2Fwp%2Fv2%2Fmedia&parent=442"}],"curies":[{"name":"wp","href":"https:\/\/api.w.org\/{rel}","templated":true}]}}