{"id":469,"date":"2025-01-13T15:29:18","date_gmt":"2025-01-13T14:29:18","guid":{"rendered":"https:\/\/proaudio.altairaudio.com\/?page_id=469"},"modified":"2025-01-13T16:57:03","modified_gmt":"2025-01-13T15:57:03","slug":"procesadores-de-dinamica-analogicos","status":"publish","type":"page","link":"https:\/\/proaudio.altairaudio.com\/?page_id=469","title":{"rendered":"PROCESADORES DE DIN\u00c1MICA ANAL\u00d3GICOS"},"content":{"rendered":"<h1 class=\"wp-block-heading\">\u00abCN-220\u00bb\u00a0 COMPRESOR \/ LIMITADOR \/ PUERTA DE RUIDO (Est\u00e9reo \/ Dual MONO)<\/h1>\r\n<!-- \/wp:heading -->\r\n\r\n<!-- wp:image -->\r\n<figure class=\"wp-block-image\"><img loading=\"lazy\" decoding=\"async\" class=\"alignnone wp-image-235 \" src=\"http:\/\/proaudio.altairaudio.com\/wp-content\/media\/2024\/10\/da-new-3.png\" alt=\"\" width=\"893\" height=\"215\" \/><\/figure>\r\n<!-- \/wp:image -->\r\n\r\n<!-- wp:paragraph --><!-- \/wp:paragraph -->\r\n\r\n<!-- wp:heading {\"level\":3} --><!-- \/wp:heading -->\r\n\r\n<!-- wp:heading {\"level\":4} -->\r\n<h4 class=\"wp-block-heading\"><em>COMPRESI\u00d3N NATURAL<\/em><\/h4>\r\n<!-- \/wp:heading -->\r\n\r\n<!-- wp:paragraph -->\r\n<p>El <em>CN-220<\/em> es un compresor y limitador est\u00e9reo\/dual de sonido suave que tambi\u00e9n incorpora una puerta de ruido dual con todas las funciones. Una pr\u00e1ctica herramienta que durante d\u00e9cadas se ha convertido en un cl\u00e1sico para ingenieros de todo el mundo, descubra por qu\u00e9&#8230; La secci\u00f3n de puerta de ruido est\u00e1 equipada con filtros espec\u00edficos. De este modo, los ruidos de fondo no deseados se eliminan f\u00e1cilmente sin degradar la se\u00f1al, mejorando el control de nivel, mientras que los par\u00e1metros de \u00abataque\u00bb y \u00abrelease\u00bb permiten una reconstrucci\u00f3n \u00f3ptima del sonido. \u00a0<\/p>\r\n<!-- \/wp:paragraph -->\r\n\r\n<!-- wp:image -->\r\n<figure class=\"wp-block-image\"><img loading=\"lazy\" decoding=\"async\" class=\"aligncenter\" src=\"https:\/\/www.altairaudio.com\/images\/Zoom_canal_CN-220.jpg\" alt=\"Zoom canal CN 220\" width=\"643\" height=\"150\" \/><\/figure>\r\n<!-- \/wp:image -->\r\n\r\n<!-- wp:paragraph -->\r\n<p>El <em>CN-220<\/em> ofrece un impresionante nivel de entrada\/salida de <strong>+ 24 dBu<\/strong> (m\u00e1x.) y un ruido de salida extremadamente bajo. Como caracter\u00edstica adicional, la unidad incluye un modo de <strong>compresor de banda con frecuencia ajustable<\/strong> para lograr una amplia variedad de efectos (de-essing, vocal stopping, drum levelling, etc&#8230;).<\/p>\r\n<!-- \/wp:paragraph -->\r\n\r\n<!-- wp:paragraph --><!-- \/wp:paragraph -->\r\n\r\n<!-- wp:separator --><hr class=\"wp-block-separator has-alpha-channel-opacity\" \/><!-- \/wp:separator -->\r\n\r\n<!-- wp:heading {\"level\":4} -->\r\n<h4 class=\"wp-block-heading\">FEATURES<\/h4>\r\n<ul>\r\n<li>Puerta de ruido \/ Compresor-Limitador por canal<\/li>\r\n<li>Modo operaci\u00f3n Dual-Est\u00e9reo<\/li>\r\n<li>Band Compresor: Cada canal incorpora un compresor de banda restringida.<\/li>\r\n<li>Indicador de nivel de salida por V\u00fametro de 12 LEDs<\/li>\r\n<li>Grandes LEDs de actividad de la puerta e indicadores de reducci\u00f3n de ganancia.<\/li>\r\n<li>Tecnolog\u00eda de VCA&#8217;s de precisi\u00f3n para una inmejorable transparencia de sonido.<\/li>\r\n<li>Filtros laterales HPF, LPF y commutador de Monitor para un puerteado preciso.<\/li>\r\n<li>Constantes de tiempo de compresi\u00f3n dependientes del programa.<\/li>\r\n<li>Commutador de By-pass en las cuatro secciones para un manejo sencillo.<\/li>\r\n<li>Entradas y salidas balanceadas mediante XLR y JACKS de \u00bc\u00bb.<\/li>\r\n<li>Selecci\u00f3n de voltaje de red universal.\r\n<ul class=\"wp-block-list\"><!-- wp:list-item --><!-- \/wp:list-item --><\/ul>\r\n<\/li>\r\n<\/ul>\r\n<!-- \/wp:heading -->\r\n\r\n<!-- wp:list -->\r\n<ul class=\"wp-block-list\">\r\n<li style=\"list-style-type: none;\">\r\n<ul class=\"wp-block-list\"><!-- \/wp:list -->\r\n\r\n<!-- wp:paragraph --><\/ul>\r\n<\/li>\r\n<\/ul>\r\n<p>_____________________________________________________________________________________________________________<\/p>\r\n<ul class=\"wp-block-list\">\r\n<li style=\"list-style-type: none;\">\r\n<ul class=\"wp-block-list\"><!-- \/wp:paragraph -->\r\n\r\n<!-- wp:heading --><\/ul>\r\n<\/li>\r\n<\/ul>\r\n<h1 class=\"wp-block-heading\">\u00abNG-440\u00bb PUERTA DE RUIDO CU\u00c1DRUPLE (O DUAL EST\u00c9REO)<\/h1>\r\n<ul class=\"wp-block-list\">\r\n<li style=\"list-style-type: none;\">\r\n<ul class=\"wp-block-list\"><!-- \/wp:heading -->\r\n\r\n<!-- wp:image --><\/ul>\r\n<\/li>\r\n<\/ul>\r\n<figure class=\"wp-block-image\"><img loading=\"lazy\" decoding=\"async\" class=\"alignnone size-full wp-image-227\" src=\"http:\/\/proaudio.altairaudio.com\/wp-content\/media\/2024\/10\/da-new-2.png\" alt=\"\" width=\"1725\" height=\"415\" \/><\/figure>\r\n<ul class=\"wp-block-list\">\r\n<li style=\"list-style-type: none;\">\r\n<ul class=\"wp-block-list\"><!-- \/wp:image -->\r\n\r\n<!-- wp:paragraph --><\/ul>\r\n<\/li>\r\n<\/ul>\r\n<p>&nbsp;<\/p>\r\n<ul class=\"wp-block-list\">\r\n<li style=\"list-style-type: none;\">\r\n<ul class=\"wp-block-list\"><!-- \/wp:paragraph -->\r\n\r\n<!-- wp:heading {\"level\":3} --><\/ul>\r\n<\/li>\r\n<\/ul>\r\n<h3 class=\"wp-block-heading\"><em>PRECISI\u00d3N Y MANEJO SENCILLO<br \/><\/em><\/h3>\r\n<p>La\u00a0unidad <strong>ALTAIR<em> NG-440<\/em><\/strong> incorpora 4 puertas de ruido (\u00abnoise-gate\u00bb) id\u00e9nticas. El dispositivo permite el uso de las 4 puertas independientemente, \u00ablinkadas\u00bb en grupos de 2 para\u00a0su uso sobre\u00a0dos se\u00f1ales est\u00e9reo o en modo mixto. La transici\u00f3n entre abierto-cerrado, as\u00ed como el ruido en estado de cierre est\u00e1n optimizados para garantizar\u00a0la m\u00e1xima calidad de audio.<\/p>\r\n<p>Un pulsador (\u00abest\u00e9reo\u00bb) distribuido por cada dos secciones de puerta, permite en encadenamiento por parejas 1-2 y 3-4\u00a0o programas mixtos para controlar de forma dependiente los par\u00e1metros de ambos canales desde el canal CH-1\u00a0\u00f3 CH-3, de forma que ambos canales se abran y cierren simult\u00e1neamente conservando la imagen est\u00e9reo.<\/p>\r\n<p>La unidad dispone de filtros dedicados para controlar que la apertura de la puerta se produzca s\u00f3lo ante la presencia del instrumento deseado, evitando falsos disparos.<\/p>\r\n<p>La se\u00f1al filtrada puede ser as\u00ed mismo monitorizada\u00a0para configurar a o\u00eddo sobre qu\u00e9 instrumento se quiere el efecto de la puerta. Los tiempos de ataque y recuperaci\u00f3n se ajustan con facilidad para una \u00f3ptima reconstrucci\u00f3n del sonido\u00a0o para crear efectos especiales. El ruido de fondo se elimina f\u00e1cilmente sin p\u00e9rdida de informaci\u00f3n, mejorando el control del instrumento y la operaci\u00f3n de mezcla. La imagen est\u00e9reo del programa se hace adem\u00e1s m\u00e1s perceptible con el puerteado de ciertos instrumentos y canales de bater\u00eda.<\/p>\r\n<p>Las aplicaciones de esta unidad van desde la sonorizaci\u00f3n en directo hasta la grabaci\u00f3n o la mezcla en estudio.<\/p>\r\n<ul class=\"wp-block-list\">\r\n<li style=\"list-style-type: none;\">\r\n<ul class=\"wp-block-list\"><!-- \/wp:heading -->\r\n\r\n<!-- wp:paragraph --><!-- \/wp:paragraph -->\r\n\r\n<!-- wp:separator --><\/ul>\r\n<\/li>\r\n<\/ul>\r\n<hr class=\"wp-block-separator has-alpha-channel-opacity\" \/>\r\n<ul class=\"wp-block-list\">\r\n<li style=\"list-style-type: none;\">\r\n<ul class=\"wp-block-list\"><!-- \/wp:separator -->\r\n\r\n<!-- wp:heading {\"level\":4} --><\/ul>\r\n<\/li>\r\n<\/ul>\r\n<h4 class=\"wp-block-heading\">CARACTER\u00cdSTICAS<\/h4>\r\n<ul class=\"wp-block-list\"><!-- \/wp:heading -->\r\n\r\n<!-- wp:list -->\r\n<li style=\"list-style-type: none;\">\r\n<ul class=\"wp-block-list\"><!-- wp:list-item -->\r\n<li>Funcionamiento individual (Quad), Dual\/Est\u00e9reo \u00f3 mixto.<\/li>\r\n<li>Grandes LEDs de actividad de la puerta e indicadores de reducci\u00f3n de ganancia.<\/li>\r\n<li>Tecnolog\u00eda de VCA&#8217;s de precisi\u00f3n para una inmejorable transparencia de sonido.<\/li>\r\n<li>Selecci\u00f3n del tiempo de ataque r\u00e1pido \u00f3 autom\u00e1tico.<\/li>\r\n<li>Filtros laterales HPF, LPF y commutador de Monitor para un puerteado preciso.<\/li>\r\n<li>Commutador de By-pass en cada puerta para un manejo sencillo.<\/li>\r\n<li>Entradas y salidas balanceadas mediante XLR y JACKS de \u00bc\u00bb.<\/li>\r\n<li>Selecci\u00f3n de voltaje de red universal.<\/li>\r\n<\/ul>\r\n<\/li>\r\n<\/ul>","protected":false},"excerpt":{"rendered":"<p>\u00abCN-220\u00bb\u00a0 COMPRESOR \/ LIMITADOR \/ PUERTA DE RUIDO (Est\u00e9reo \/ Dual MONO) COMPRESI\u00d3N NATURAL El CN-220 es un compresor y limitador est\u00e9reo\/dual de sonido suave que tambi\u00e9n incorpora una puerta de ruido dual con todas las funciones. Una pr\u00e1ctica herramienta que durante d\u00e9cadas se ha convertido en un cl\u00e1sico para ingenieros de todo el mundo, [&hellip;]<\/p>\n","protected":false},"author":1,"featured_media":0,"parent":438,"menu_order":0,"comment_status":"closed","ping_status":"closed","template":"","meta":{"footnotes":""},"class_list":["post-469","page","type-page","status-publish","hentry"],"_links":{"self":[{"href":"https:\/\/proaudio.altairaudio.com\/index.php?rest_route=\/wp\/v2\/pages\/469","targetHints":{"allow":["GET"]}}],"collection":[{"href":"https:\/\/proaudio.altairaudio.com\/index.php?rest_route=\/wp\/v2\/pages"}],"about":[{"href":"https:\/\/proaudio.altairaudio.com\/index.php?rest_route=\/wp\/v2\/types\/page"}],"author":[{"embeddable":true,"href":"https:\/\/proaudio.altairaudio.com\/index.php?rest_route=\/wp\/v2\/users\/1"}],"replies":[{"embeddable":true,"href":"https:\/\/proaudio.altairaudio.com\/index.php?rest_route=%2Fwp%2Fv2%2Fcomments&post=469"}],"version-history":[{"count":23,"href":"https:\/\/proaudio.altairaudio.com\/index.php?rest_route=\/wp\/v2\/pages\/469\/revisions"}],"predecessor-version":[{"id":563,"href":"https:\/\/proaudio.altairaudio.com\/index.php?rest_route=\/wp\/v2\/pages\/469\/revisions\/563"}],"up":[{"embeddable":true,"href":"https:\/\/proaudio.altairaudio.com\/index.php?rest_route=\/wp\/v2\/pages\/438"}],"wp:attachment":[{"href":"https:\/\/proaudio.altairaudio.com\/index.php?rest_route=%2Fwp%2Fv2%2Fmedia&parent=469"}],"curies":[{"name":"wp","href":"https:\/\/api.w.org\/{rel}","templated":true}]}}